{"id":37,"date":"2025-11-12T22:40:59","date_gmt":"2025-11-13T06:40:59","guid":{"rendered":"https:\/\/educativovasconcelos.edu.mx\/egresados\/?page_id=37"},"modified":"2025-11-24T00:05:35","modified_gmt":"2025-11-24T08:05:35","slug":"registrarse","status":"publish","type":"page","link":"https:\/\/educativovasconcelos.edu.mx\/egresados\/registrarse\/","title":{"rendered":"Registrarse"},"content":{"rendered":"<script>\nvar gform;gform||(document.addEventListener(\"gform_main_scripts_loaded\",function(){gform.scriptsLoaded=!0}),document.addEventListener(\"gform\/theme\/scripts_loaded\",function(){gform.themeScriptsLoaded=!0}),window.addEventListener(\"DOMContentLoaded\",function(){gform.domLoaded=!0}),gform={domLoaded:!1,scriptsLoaded:!1,themeScriptsLoaded:!1,isFormEditor:()=>\"function\"==typeof InitializeEditor,callIfLoaded:function(o){return!(!gform.domLoaded||!gform.scriptsLoaded||!gform.themeScriptsLoaded&&!gform.isFormEditor()||(gform.isFormEditor()&&console.warn(\"The use of gform.initializeOnLoaded() is deprecated in the form editor context and will be removed in Gravity Forms 3.1.\"),o(),0))},initializeOnLoaded:function(o){gform.callIfLoaded(o)||(document.addEventListener(\"gform_main_scripts_loaded\",()=>{gform.scriptsLoaded=!0,gform.callIfLoaded(o)}),document.addEventListener(\"gform\/theme\/scripts_loaded\",()=>{gform.themeScriptsLoaded=!0,gform.callIfLoaded(o)}),window.addEventListener(\"DOMContentLoaded\",()=>{gform.domLoaded=!0,gform.callIfLoaded(o)}))},hooks:{action:{},filter:{}},addAction:function(o,r,e,t){gform.addHook(\"action\",o,r,e,t)},addFilter:function(o,r,e,t){gform.addHook(\"filter\",o,r,e,t)},doAction:function(o){gform.doHook(\"action\",o,arguments)},applyFilters:function(o){return gform.doHook(\"filter\",o,arguments)},removeAction:function(o,r){gform.removeHook(\"action\",o,r)},removeFilter:function(o,r,e){gform.removeHook(\"filter\",o,r,e)},addHook:function(o,r,e,t,n){null==gform.hooks[o][r]&&(gform.hooks[o][r]=[]);var d=gform.hooks[o][r];null==n&&(n=r+\"_\"+d.length),gform.hooks[o][r].push({tag:n,callable:e,priority:t=null==t?10:t})},doHook:function(r,o,e){var t;if(e=Array.prototype.slice.call(e,1),null!=gform.hooks[r][o]&&((o=gform.hooks[r][o]).sort(function(o,r){return o.priority-r.priority}),o.forEach(function(o){\"function\"!=typeof(t=o.callable)&&(t=window[t]),\"action\"==r?t.apply(null,e):e[0]=t.apply(null,e)})),\"filter\"==r)return e[0]},removeHook:function(o,r,t,n){var e;null!=gform.hooks[o][r]&&(e=(e=gform.hooks[o][r]).filter(function(o,r,e){return!!(null!=n&&n!=o.tag||null!=t&&t!=o.priority)}),gform.hooks[o][r]=e)}});\n<\/script>\n\n                <div class='gf_browser_gecko gform_wrapper gform-theme gform-theme--foundation gform-theme--framework gform-theme--orbital' data-form-theme='orbital' data-form-index='0' id='gform_wrapper_1' ><style>#gform_wrapper_1[data-form-index=\"0\"].gform-theme,[data-parent-form=\"1_0\"]{--gf-color-primary: #fcb900;--gf-color-primary-rgb: 252, 185, 0;--gf-color-primary-contrast: var(--theme-palette-color-8, #ffffff);--gf-color-primary-contrast-rgb: 0, 0, 0;--gf-color-primary-darker: #CA8700;--gf-color-primary-lighter: #FFEB32;--gf-color-secondary: #fff;--gf-color-secondary-rgb: 255, 255, 255;--gf-color-secondary-contrast: #112337;--gf-color-secondary-contrast-rgb: 17, 35, 55;--gf-color-secondary-darker: #F5F5F5;--gf-color-secondary-lighter: #FFFFFF;--gf-color-out-ctrl-light: rgba(17, 35, 55, 0.1);--gf-color-out-ctrl-light-rgb: 17, 35, 55;--gf-color-out-ctrl-light-darker: rgba(104, 110, 119, 0.35);--gf-color-out-ctrl-light-lighter: #F5F5F5;--gf-color-out-ctrl-dark: #585e6a;--gf-color-out-ctrl-dark-rgb: 88, 94, 106;--gf-color-out-ctrl-dark-darker: #112337;--gf-color-out-ctrl-dark-lighter: rgba(17, 35, 55, 0.65);--gf-color-in-ctrl: #fff;--gf-color-in-ctrl-rgb: 255, 255, 255;--gf-color-in-ctrl-contrast: #112337;--gf-color-in-ctrl-contrast-rgb: 17, 35, 55;--gf-color-in-ctrl-darker: #F5F5F5;--gf-color-in-ctrl-lighter: #FFFFFF;--gf-color-in-ctrl-primary: #204ce5;--gf-color-in-ctrl-primary-rgb: 32, 76, 229;--gf-color-in-ctrl-primary-contrast: #fff;--gf-color-in-ctrl-primary-contrast-rgb: 255, 255, 255;--gf-color-in-ctrl-primary-darker: #001AB3;--gf-color-in-ctrl-primary-lighter: #527EFF;--gf-color-in-ctrl-light: rgba(17, 35, 55, 0.1);--gf-color-in-ctrl-light-rgb: 17, 35, 55;--gf-color-in-ctrl-light-darker: rgba(104, 110, 119, 0.35);--gf-color-in-ctrl-light-lighter: #F5F5F5;--gf-color-in-ctrl-dark: #585e6a;--gf-color-in-ctrl-dark-rgb: 88, 94, 106;--gf-color-in-ctrl-dark-darker: #112337;--gf-color-in-ctrl-dark-lighter: rgba(17, 35, 55, 0.65);--gf-radius: 10px;--gf-font-size-secondary: 14px;--gf-font-size-tertiary: 13px;--gf-icon-ctrl-number: url(\"data:image\/svg+xml,%3Csvg width='8' height='14' viewBox='0 0 8 14' fill='none' xmlns='http:\/\/www.w3.org\/2000\/svg'%3E%3Cpath fill-rule='evenodd' clip-rule='evenodd' d='M4 0C4.26522 5.96046e-08 4.51957 0.105357 4.70711 0.292893L7.70711 3.29289C8.09763 3.68342 8.09763 4.31658 7.70711 4.70711C7.31658 5.09763 6.68342 5.09763 6.29289 4.70711L4 2.41421L1.70711 4.70711C1.31658 5.09763 0.683417 5.09763 0.292893 4.70711C-0.0976311 4.31658 -0.097631 3.68342 0.292893 3.29289L3.29289 0.292893C3.48043 0.105357 3.73478 0 4 0ZM0.292893 9.29289C0.683417 8.90237 1.31658 8.90237 1.70711 9.29289L4 11.5858L6.29289 9.29289C6.68342 8.90237 7.31658 8.90237 7.70711 9.29289C8.09763 9.68342 8.09763 10.3166 7.70711 10.7071L4.70711 13.7071C4.31658 14.0976 3.68342 14.0976 3.29289 13.7071L0.292893 10.7071C-0.0976311 10.3166 -0.0976311 9.68342 0.292893 9.29289Z' fill='rgba(17, 35, 55, 0.65)'\/%3E%3C\/svg%3E\");--gf-icon-ctrl-select: url(\"data:image\/svg+xml,%3Csvg width='10' height='6' viewBox='0 0 10 6' fill='none' xmlns='http:\/\/www.w3.org\/2000\/svg'%3E%3Cpath fill-rule='evenodd' clip-rule='evenodd' d='M0.292893 0.292893C0.683417 -0.097631 1.31658 -0.097631 1.70711 0.292893L5 3.58579L8.29289 0.292893C8.68342 -0.0976311 9.31658 -0.0976311 9.70711 0.292893C10.0976 0.683417 10.0976 1.31658 9.70711 1.70711L5.70711 5.70711C5.31658 6.09763 4.68342 6.09763 4.29289 5.70711L0.292893 1.70711C-0.0976311 1.31658 -0.0976311 0.683418 0.292893 0.292893Z' fill='rgba(17, 35, 55, 0.65)'\/%3E%3C\/svg%3E\");--gf-icon-ctrl-search: url(\"data:image\/svg+xml,%3Csvg width='640' height='640' xmlns='http:\/\/www.w3.org\/2000\/svg'%3E%3Cpath d='M256 128c-70.692 0-128 57.308-128 128 0 70.691 57.308 128 128 128 70.691 0 128-57.309 128-128 0-70.692-57.309-128-128-128zM64 256c0-106.039 85.961-192 192-192s192 85.961 192 192c0 41.466-13.146 79.863-35.498 111.248l154.125 154.125c12.496 12.496 12.496 32.758 0 45.254s-32.758 12.496-45.254 0L367.248 412.502C335.862 434.854 297.467 448 256 448c-106.039 0-192-85.962-192-192z' fill='rgba(17, 35, 55, 0.65)'\/%3E%3C\/svg%3E\");--gf-label-space-y-secondary: var(--gf-label-space-y-md-secondary);--gf-ctrl-border-color: #686e77;--gf-ctrl-size: var(--gf-ctrl-size-md);--gf-ctrl-label-color-primary: #112337;--gf-ctrl-label-color-secondary: #112337;--gf-ctrl-choice-size: var(--gf-ctrl-choice-size-md);--gf-ctrl-checkbox-check-size: var(--gf-ctrl-checkbox-check-size-md);--gf-ctrl-radio-check-size: var(--gf-ctrl-radio-check-size-md);--gf-ctrl-btn-font-size: var(--gf-ctrl-btn-font-size-md);--gf-ctrl-btn-padding-x: var(--gf-ctrl-btn-padding-x-md);--gf-ctrl-btn-size: var(--gf-ctrl-btn-size-md);--gf-ctrl-btn-border-color-secondary: #686e77;--gf-ctrl-file-btn-bg-color-hover: #EBEBEB;--gf-field-img-choice-size: var(--gf-field-img-choice-size-md);--gf-field-img-choice-card-space: var(--gf-field-img-choice-card-space-md);--gf-field-img-choice-check-ind-size: var(--gf-field-img-choice-check-ind-size-md);--gf-field-img-choice-check-ind-icon-size: var(--gf-field-img-choice-check-ind-icon-size-md);--gf-field-pg-steps-number-color: rgba(17, 35, 55, 0.8);}<\/style><div id='gf_1' class='gform_anchor' tabindex='-1'><\/div>\n                        <div class='gform_heading'>\n                            <h2 class=\"gform_title\">Registro de egresados<\/h2>\n                        <\/div><form method='post' enctype='multipart\/form-data' target='gform_ajax_frame_1' id='gform_1'  action='\/egresados\/wp-json\/wp\/v2\/pages\/37#gf_1' data-formid='1' novalidate>\n                        <div class='gform-body gform_body'><div id='gform_fields_1' class='gform_fields top_label form_sublabel_below description_below validation_below'><div id=\"field_1_3\" class=\"gfield gfield--type-username gfield--input-type-username gfield--width-full gfield_contains_required field_sublabel_below gfield--no-description field_description_below field_validation_below gfield_visibility_visible\"  ><label class='gfield_label gform-field-label' for='input_1_3'>Nombre completo:<span class=\"gfield_required\"><span class=\"gfield_required gfield_required_text\">(Obligatorio)<\/span><\/span><\/label><div class='ginput_container ginput_container_text'><input name='input_3' id='input_1_3' type='text' value='' class='large'     aria-required=\"true\" aria-invalid=\"false\"   \/><\/div><\/div><div id=\"field_1_9\" class=\"gfield gfield--type-select gfield--input-type-select gfield--width-full gfield_contains_required field_sublabel_below gfield--no-description field_description_below field_validation_below gfield_visibility_visible\"  ><label class='gfield_label gform-field-label' for='input_1_9'>Carrera \/ Nivel de estudios:<span class=\"gfield_required\"><span class=\"gfield_required gfield_required_text\">(Obligatorio)<\/span><\/span><\/label><div class='ginput_container ginput_container_select'><select name='input_9' id='input_1_9' class='large gfield_select'    aria-required=\"true\" aria-invalid=\"false\" ><option value='' selected='selected' class='gf_placeholder'>Selecciona la carrera:<\/option><option value='Licenciatura en Educaci\u00f3n F\u00edsica y Gesti\u00f3n Deportiva' >Licenciatura en Educaci\u00f3n F\u00edsica y Gesti\u00f3n Deportiva<\/option><option value='Ingenier\u00eda Industrial y Gesti\u00f3n de Calidad' >Ingenier\u00eda Industrial y Gesti\u00f3n de Calidad<\/option><option value='Ingenier\u00eda en Dise\u00f1o de Software y Multimedia' >Ingenier\u00eda en Dise\u00f1o de Software y Multimedia<\/option><option value='Licenciatura en Administraci\u00f3n y Log\u00edstica' >Licenciatura en Administraci\u00f3n y Log\u00edstica<\/option><option value='Licenciatura en Contadur\u00eda P\u00fablica y Finanzas Internacionales' >Licenciatura en Contadur\u00eda P\u00fablica y Finanzas Internacionales<\/option><option value='Licenciatura en Derecho con \u00c9nfasis en Nuevo Sistema de Justicia' >Licenciatura en Derecho con \u00c9nfasis en Nuevo Sistema de Justicia<\/option><option value='Licenciatura en Educaci\u00f3n' >Licenciatura en Educaci\u00f3n<\/option><option value='Licenciatura en Mercadotecnia y Comunicaci\u00f3n Multimedia' >Licenciatura en Mercadotecnia y Comunicaci\u00f3n Multimedia<\/option><option value='Licenciatura en Psicopedagog\u00eda' >Licenciatura en Psicopedagog\u00eda<\/option><option value='Primaria' >Primaria<\/option><option value='Secundaria' >Secundaria<\/option><option value='Preparatoria' >Preparatoria<\/option><option value='Doctorado' >Doctorado<\/option><option value='Maestria' >Maestria<\/option><\/select><\/div><\/div><div id=\"field_1_8\" class=\"gfield gfield--type-select gfield--input-type-select gfield--width-full gfield_contains_required field_sublabel_below gfield--no-description field_description_below field_validation_below gfield_visibility_visible\"  ><label class='gfield_label gform-field-label' for='input_1_8'>A\u00f1o de Egreso:<span class=\"gfield_required\"><span class=\"gfield_required gfield_required_text\">(Obligatorio)<\/span><\/span><\/label><div class='ginput_container ginput_container_select'><select name='input_8' id='input_1_8' class='large gfield_select'    aria-required=\"true\" aria-invalid=\"false\" ><option value='' selected='selected' class='gf_placeholder'>Selecciona el a\u00f1o:<\/option><option value='2010 o antes' >2010 o antes<\/option><option value='2011' >2011<\/option><option value='2011' >2011<\/option><option value='2012' >2012<\/option><option value='2013' >2013<\/option><option value='2014' >2014<\/option><option value='2015' >2015<\/option><option value='2016' >2016<\/option><option value='2017' >2017<\/option><option value='2018' >2018<\/option><option value='2019' >2019<\/option><option value='2020' >2020<\/option><option value='2021' >2021<\/option><option value='2022' >2022<\/option><option value='2023' >2023<\/option><option value='2024' >2024<\/option><option value='2025' >2025<\/option><\/select><\/div><\/div><fieldset id=\"field_1_4\" class=\"gfield gfield--type-email gfield--input-type-email gfield--width-full gfield_contains_required field_sublabel_below gfield--has-description field_description_below field_validation_below gfield_visibility_visible\"  ><legend class='gfield_label gform-field-label gfield_label_before_complex' >Correo electr\u00f3nico Institucional:<span class=\"gfield_required\"><span class=\"gfield_required gfield_required_text\">(Obligatorio)<\/span><\/span><\/legend><div class='ginput_complex ginput_container ginput_container_email gform-grid-row' id='input_1_4_container'>\n                                <span id='input_1_4_1_container' class='ginput_left gform-grid-col gform-grid-col--size-auto'>\n                                    <input class='' type='email' name='input_4' id='input_1_4' value=''    aria-required=\"true\" aria-invalid=\"false\" aria-describedby=\"gfield_description_1_4\" \/>\n                                    <label for='input_1_4' class='gform-field-label gform-field-label--type-sub '>Introduce un email<\/label>\n                                <\/span>\n                                <span id='input_1_4_2_container' class='ginput_right gform-grid-col gform-grid-col--size-auto'>\n                                    <input class='' type='email' name='input_4_2' id='input_1_4_2' value=''    aria-required=\"true\" aria-invalid=\"false\" aria-describedby=\"gfield_description_1_4\" \/>\n                                    <label for='input_1_4_2' class='gform-field-label gform-field-label--type-sub '>Confirmar email<\/label>\n                                <\/span>\n                                <div class='gf_clear gf_clear_complex'><\/div>\n                            <\/div><div class='gfield_description' id='gfield_description_1_4'>Solo correos electr\u00f3nicos con el dominio @sujv.mx<\/div><\/fieldset><fieldset id=\"field_1_5\" class=\"gfield gfield--type-password gfield--input-type-password gfield--width-full gfield_contains_required field_sublabel_below gfield--no-description field_description_below field_validation_below gfield_visibility_visible\"  ><legend class='gfield_label gform-field-label gfield_label_before_complex' >Contrase\u00f1a<span class=\"gfield_required\"><span class=\"gfield_required gfield_required_text\">(Obligatorio)<\/span><\/span><\/legend><div class='ginput_complex ginput_container ginput_container_password gform-grid-row' id='input_1_5_container'>\n\t\t\t\t\t\t<span id='input_1_5_1_container' class='ginput_password ginput_left gform-grid-col gform-grid-col--size-auto'>\n\t\t\t\t\t\t\t<span class='password_input_container'>\n\t\t\t\t\t\t\t<input type='password' name='input_5' id='input_1_5' onkeyup='gformShowPasswordStrength(\"input_1_5\");' onchange='gformShowPasswordStrength(\"input_1_5\");' aria-describedby=\"input_1_5_strength_indicator\" value=''   aria-required=\"true\" aria-invalid=\"false\" \/>\n\t\t\t\t\t\t\t<button type='button' class='gform_show_password gform-theme-button gform-theme-button--simple' onclick='javascript:gformToggleShowPassword(\"input_1_5\");' aria-live='polite' aria-label='Mostrar contrase\u00f1a' data-label-show='Mostrar contrase\u00f1a' data-label-hide='Ocultar contrase\u00f1a'><span class='dashicons dashicons-hidden' aria-hidden='true'><\/span><\/button>\n\t\t\t\t\t\t\t<\/span>\n\t\t\t\t\t\t\t<label for='input_1_5' class='gform-field-label gform-field-label--type-sub '>Introduce la constrase\u00f1a<\/label>\n\t\t\t\t\t\t<\/span>\n\t\t\t\t\t\t<span id='input_1_5_2_container' class='ginput_password ginput_right gform-grid-col gform-grid-col--size-auto'>\n\t\t\t\t\t\t\t<span class='password_input_container'>\n\t\t\t\t\t\t\t<input type='password' name='input_5_2' id='input_1_5_2' onkeyup='gformShowPasswordStrength(\"input_1_5\");' onchange='gformShowPasswordStrength(\"input_1_5\");' value=''   aria-required=\"true\" aria-invalid=\"false\" \/>\n\t\t\t\t\t\t\t<button type='button' class='gform_show_password gform-theme-button gform-theme-button--simple' onclick='javascript:gformToggleShowPassword(\"input_1_5_2\");' aria-live='polite' aria-label='Mostrar contrase\u00f1a' data-label-show='Mostrar contrase\u00f1a' data-label-hide='Ocultar contrase\u00f1a'><span class='dashicons dashicons-hidden' aria-hidden='true'><\/span><\/button>\n\t\t\t\t\t\t\t<\/span>\n\t\t\t\t\t\t\t<label for='input_1_5_2' class='gform-field-label gform-field-label--type-sub '>Confirmar contrase\u00f1a<\/label>\n\t\t\t\t\t\t<\/span>\n\t\t\t\t\t\t<div class='gf_clear gf_clear_complex'><\/div>\n\t\t\t\t\t<\/div><div id='input_1_5_strength_indicator' class='gfield_password_strength'  aria-live='assertive' aria-atomic='true'>\n\t\t\t\t\t\t\t\t\t\t\t\t\t\t\t\t\t\t\tIndicador de fortaleza\n\t\t\t\t\t\t\t\t\t\t\t\t\t\t\t\t\t\t<\/div>\n\t\t\t\t\t\t\t\t\t\t\t\t\t\t\t\t\t\t<input type='hidden' class='gform_hidden' id='input_1_5_strength' name='input_5_strength' \/><\/fieldset><\/div><\/div>\n        <div class='gform-footer gform_footer top_label'> <input type='submit' id='gform_submit_button_1' class='gform_button button' onclick='gform.submission.handleButtonClick(this);' data-submission-type='submit' value='Enviar'  \/> <input type='hidden' name='gform_ajax' value='form_id=1&amp;title=1&amp;description=&amp;tabindex=0&amp;theme=orbital&amp;styles={&quot;inputBorderRadius&quot;:&quot;10&quot;,&quot;inputPrimaryColor&quot;:&quot;#204ce5&quot;,&quot;buttonPrimaryBackgroundColor&quot;:&quot;#fcb900&quot;,&quot;buttonPrimaryColor&quot;:&quot;var(--theme-palette-color-8, #ffffff)&quot;}&amp;hash=a774d40882a1477999e723d449f12ee1' \/>\n            <input type='hidden' class='gform_hidden' name='gform_submission_method' data-js='gform_submission_method_1' value='iframe' \/>\n            <input type='hidden' class='gform_hidden' name='gform_theme' data-js='gform_theme_1' id='gform_theme_1' value='orbital' \/>\n            <input type='hidden' class='gform_hidden' name='gform_style_settings' data-js='gform_style_settings_1' id='gform_style_settings_1' value='{&quot;inputBorderRadius&quot;:&quot;10&quot;,&quot;inputPrimaryColor&quot;:&quot;#204ce5&quot;,&quot;buttonPrimaryBackgroundColor&quot;:&quot;#fcb900&quot;,&quot;buttonPrimaryColor&quot;:&quot;var(--theme-palette-color-8, #ffffff)&quot;}' \/>\n            <input type='hidden' class='gform_hidden' name='is_submit_1' value='1' \/>\n            <input type='hidden' class='gform_hidden' name='gform_submit' value='1' \/>\n            \n            <input type='hidden' class='gform_hidden' name='gform_unique_id' value='' \/>\n            <input type='hidden' class='gform_hidden' name='state_1' value='WyJ7XCI4XCI6W1wiNjhiZTYzOWY3OTUxMDhiZWE3MDAwYzgwOTg0M2Q0ZGVcIixcImVjNGQzNDI3N2YxOWRhZjM3YjBkNTc1YjNkY2YyYjA2XCIsXCJlYzRkMzQyNzdmMTlkYWYzN2IwZDU3NWIzZGNmMmIwNlwiLFwiZDA4Njk0YzhhYTA5YTdhMWUzMjVmZGEzYzliZTc3NTlcIixcIjNiNjE1ZGU1OGFkZGI4MTU0ZTQ1ZjkwMjU2ZjQ3ODEyXCIsXCJhMDRhODA2MmJiMDIzMGVhN2IxZDI0ZDU2YmYyZjk2OVwiLFwiMWE4ODUwZjU1NjYyNzljNzJmNDFjNjNiM2E4NzhlYzFcIixcIjQ0MjIyMzUzNGQxOTA5MDI0NWY0YWEyZTA2NDY4NGZlXCIsXCIzZTBkYzA2ZjE2MjZmMWI1MDIwMGZmZDQ5ODUxNzk4ZVwiLFwiMTZlZTZiYmRiMjM3Yzc2OTk0ZmExZDBmNWViYmIyODBcIixcIjY1NWI5YWFkNzYyNmU3NzFkM2E2ZTIzNzA5MGM3NTE0XCIsXCJkMDVlNjkxYmRmNjRmOThmZDM2OWQxMDIyZWI5YTU3NFwiLFwiNTFhYzliM2I1Y2FkYWJkNmVlYzc5ODhjZjZjZmY3OWJcIixcIjFiZTBhZmM5ZjZiNTMyYjlkYmI5MTk4MTg2NDM5Yzk2XCIsXCJiYmRjNDZjOTI2MTc5N2ZmYzcwODkxNzBmNWJmOTUwOVwiLFwiOTBkMzA5OGU2YjY4ZWZmN2U2MWFmNWY4MDRkYjJkOWNcIixcImE3MjdlMDE0YmFjM2YwMTIyZjJhZGQzMzI2NGU3ZWI1XCJdfSIsImIyMjZhMWZkNTFkOGM5NjZmZmRhMTRjMzNlY2NjZDg0Il0=' \/>\n            <input type='hidden' autocomplete='off' class='gform_hidden' name='gform_target_page_number_1' id='gform_target_page_number_1' value='0' \/>\n            <input type='hidden' autocomplete='off' class='gform_hidden' name='gform_source_page_number_1' id='gform_source_page_number_1' value='1' \/>\n            <input type='hidden' name='gform_field_values' value='' \/>\n            \n        <\/div>\n                        <\/form>\n                        <\/div>\n\t\t                <iframe style='display:none;width:0px;height:0px;' src='about:blank' name='gform_ajax_frame_1' id='gform_ajax_frame_1' title='Este iframe contiene la l\u00f3gica necesaria para gestionar formularios con ajax activado.'><\/iframe>\n\t\t                <script>\ngform.initializeOnLoaded( function() {gformInitSpinner( 1, 'https:\/\/educativovasconcelos.edu.mx\/egresados\/wp-content\/plugins\/gravityforms\/images\/spinner.svg', false );jQuery('#gform_ajax_frame_1').on('load',function(){var contents = jQuery(this).contents().find('*').html();var is_postback = contents.indexOf('GF_AJAX_POSTBACK') >= 0;if(!is_postback){return;}var form_content = jQuery(this).contents().find('#gform_wrapper_1');var is_confirmation = jQuery(this).contents().find('#gform_confirmation_wrapper_1').length > 0;var is_redirect = contents.indexOf('gformRedirect(){') >= 0;var is_form = form_content.length > 0 && ! is_redirect && ! is_confirmation;var mt = parseInt(jQuery('html').css('margin-top'), 10) + parseInt(jQuery('body').css('margin-top'), 10) + 100;if(is_form){jQuery('#gform_wrapper_1').html(form_content.html());if(form_content.hasClass('gform_validation_error')){jQuery('#gform_wrapper_1').addClass('gform_validation_error');} else {jQuery('#gform_wrapper_1').removeClass('gform_validation_error');}setTimeout( function() { \/* delay the scroll by 50 milliseconds to fix a bug in chrome *\/ jQuery(document).scrollTop(jQuery('#gform_wrapper_1').offset().top - mt); }, 50 );if(window['gformInitDatepicker']) {gformInitDatepicker();}if(window['gformInitPriceFields']) {gformInitPriceFields();}var current_page = jQuery('#gform_source_page_number_1').val();gformInitSpinner( 1, 'https:\/\/educativovasconcelos.edu.mx\/egresados\/wp-content\/plugins\/gravityforms\/images\/spinner.svg', false );jQuery(document).trigger('gform_page_loaded', [1, current_page]);window['gf_submitting_1'] = false;}else if(!is_redirect){var confirmation_content = jQuery(this).contents().find('.GF_AJAX_POSTBACK').html();if(!confirmation_content){confirmation_content = contents;}jQuery('#gform_wrapper_1').replaceWith(confirmation_content);jQuery(document).scrollTop(jQuery('#gf_1').offset().top - mt);jQuery(document).trigger('gform_confirmation_loaded', [1]);window['gf_submitting_1'] = false;wp.a11y.speak(jQuery('#gform_confirmation_message_1').text());}else{jQuery('#gform_1').append(contents);if(window['gformRedirect']) {gformRedirect();}}jQuery(document).trigger(\"gform_pre_post_render\", [{ formId: \"1\", currentPage: \"current_page\", abort: function() { this.preventDefault(); } }]);        if (event && event.defaultPrevented) {                return;        }        const gformWrapperDiv = document.getElementById( \"gform_wrapper_1\" );        if ( gformWrapperDiv ) {            const visibilitySpan = document.createElement( \"span\" );            visibilitySpan.id = \"gform_visibility_test_1\";            gformWrapperDiv.insertAdjacentElement( \"afterend\", visibilitySpan );        }        const visibilityTestDiv = document.getElementById( \"gform_visibility_test_1\" );        let postRenderFired = false;        function triggerPostRender() {            if ( postRenderFired ) {                return;            }            postRenderFired = true;            gform.core.triggerPostRenderEvents( 1, current_page );            if ( visibilityTestDiv ) {                visibilityTestDiv.parentNode.removeChild( visibilityTestDiv );            }        }        function debounce( func, wait, immediate ) {            var timeout;            return function() {                var context = this, args = arguments;                var later = function() {                    timeout = null;                    if ( !immediate ) func.apply( context, args );                };                var callNow = immediate && !timeout;                clearTimeout( timeout );                timeout = setTimeout( later, wait );                if ( callNow ) func.apply( context, args );            };        }        const debouncedTriggerPostRender = debounce( function() {            triggerPostRender();        }, 200 );        if ( visibilityTestDiv && visibilityTestDiv.offsetParent === null ) {            const observer = new MutationObserver( ( mutations ) => {                mutations.forEach( ( mutation ) => {                    if ( mutation.type === 'attributes' && visibilityTestDiv.offsetParent !== null ) {                        debouncedTriggerPostRender();                        observer.disconnect();                    }                });            });            observer.observe( document.body, {                attributes: true,                childList: false,                subtree: true,                attributeFilter: [ 'style', 'class' ],            });        } else {            triggerPostRender();        }    } );} );\n<\/script>\n","protected":false},"excerpt":{"rendered":"","protected":false},"author":1,"featured_media":0,"parent":0,"menu_order":0,"comment_status":"closed","ping_status":"closed","template":"","meta":{"_acf_changed":false,"footnotes":""},"class_list":["post-37","page","type-page","status-publish","hentry"],"blocksy_meta":{"has_hero_section":"disabled","styles_descriptor":{"styles":{"desktop":"","tablet":"","mobile":""},"google_fonts":[],"version":6}},"acf":[],"_links":{"self":[{"href":"https:\/\/educativovasconcelos.edu.mx\/egresados\/wp-json\/wp\/v2\/pages\/37","targetHints":{"allow":["GET"]}}],"collection":[{"href":"https:\/\/educativovasconcelos.edu.mx\/egresados\/wp-json\/wp\/v2\/pages"}],"about":[{"href":"https:\/\/educativovasconcelos.edu.mx\/egresados\/wp-json\/wp\/v2\/types\/page"}],"author":[{"embeddable":true,"href":"https:\/\/educativovasconcelos.edu.mx\/egresados\/wp-json\/wp\/v2\/users\/1"}],"replies":[{"embeddable":true,"href":"https:\/\/educativovasconcelos.edu.mx\/egresados\/wp-json\/wp\/v2\/comments?post=37"}],"version-history":[{"count":2,"href":"https:\/\/educativovasconcelos.edu.mx\/egresados\/wp-json\/wp\/v2\/pages\/37\/revisions"}],"predecessor-version":[{"id":105,"href":"https:\/\/educativovasconcelos.edu.mx\/egresados\/wp-json\/wp\/v2\/pages\/37\/revisions\/105"}],"wp:attachment":[{"href":"https:\/\/educativovasconcelos.edu.mx\/egresados\/wp-json\/wp\/v2\/media?parent=37"}],"curies":[{"name":"wp","href":"https:\/\/api.w.org\/{rel}","templated":true}]}}